{"id":2678,"date":"2024-05-07T17:25:49","date_gmt":"2024-05-07T17:25:49","guid":{"rendered":"https:\/\/laguitosperu.com\/laguitos-peru-gestion-del-patrimonio-cultural-arqueologico-y-paleontologico\/"},"modified":"2025-05-16T16:42:42","modified_gmt":"2025-05-16T16:42:42","slug":"laguitos-peru-gestion-del-patrimonio-cultural-arqueologico-y-paleontologico","status":"publish","type":"page","link":"https:\/\/laguitosperu.com\/pt-br\/","title":{"rendered":"Arqueologia &#8211; Laguitos Peru Gest\u00e3o do Patrim\u00f4nio Cultural, Arqueol\u00f3gico e Paleontol\u00f3gico"},"content":{"rendered":"\t\t<div data-elementor-type=\"wp-page\" data-elementor-id=\"2678\" class=\"elementor elementor-2678 elementor-326\" data-elementor-post-type=\"page\">\n\t\t\t\t<div class=\"elementor-element elementor-element-068c0fe e-con-full e-flex e-con e-parent\" data-id=\"068c0fe\" data-element_type=\"container\">\n\t\t\t\t<div class=\"elementor-element elementor-element-c379dc7 elementor-widget elementor-widget-prime-slider-general\" data-id=\"c379dc7\" data-element_type=\"widget\" data-widget_type=\"prime-slider-general.default\">\n\t\t\t\t<div class=\"elementor-widget-container\">\n\t\t\t\t\t<div class=\"bdt-prime-slider\">\r\n\t\t\t<div class=\"bdt-prime-slider-skin-general\">\r\n\t\t\t\t<div class=\"bdt-position-relative bdt-visible-toggle\" bdt-slideshow=\"{&quot;animation&quot;:&quot;fade&quot;,&quot;ratio&quot;:false,&quot;min-height&quot;:false,&quot;autoplay&quot;:true,&quot;autoplay-interval&quot;:7000,&quot;pause-on-hover&quot;:false,&quot;velocity&quot;:1,&quot;finite&quot;:false}\" data-settings=\"{&quot;id&quot;:&quot;#bdt-c379dc7&quot;,&quot;animation_status&quot;:&quot;no&quot;}\" id=\"bdt-c379dc7\">\r\n\t\t\t\t\t<ul class=\"bdt-slideshow-items\" style=\"min-height:100vh\">\r\n\t\t\t\t\t\r\n\t\t\t<li class=\"bdt-slideshow-item bdt-flex bdt-flex-middle bdt-flex-center elementor-repeater-item-23e1dc7\">\r\n\t\t\t\t\r\n\t\t\t\t\t\t\t\t\t\t\t\r\n\t\t<div class=\"bdt-ps-slide-img\" style=\"background-image: url('https:\/\/laguitosperu.com\/wp-content\/uploads\/2024\/05\/arqueologia-cusco-peru-arqueo.jpg')\"><\/div>\r\n\r\n\t\t\t\t\t\t\r\n\t\t\t\t\t\r\n\t\t\t\t\t\t\t\t\t<div class=\"bdt-overlay-default bdt-position-cover\"><\/div>\r\n\t\t\t\t\r\n\t\t\t\t\t\t<div class=\"bdt-position-z-index bdt-position-large\">\r\n\t\t\t<div class=\"bdt-prime-slider-wrapper\">\r\n\t\t\t\t<div class=\"bdt-prime-slider-content\">\r\n\t\t\t\t\t<div class=\"bdt-prime-slider-desc\">\r\n\r\n\t\t\t\t\t\t\r\n\t\t\t\t\t\t\t\t\t\t\t\t\t<div data-reveal=\"reveal-active\" class=\"bdt-main-title\" data-bdt-slideshow-parallax=\"x: 100,0,-20; opacity: 1,1,0\">\r\n\t\t\t\t\t\t\t\t<h1 class=\"bdt-title-tag\">\r\n\t\t\t\t\t\t\t\t\t\t\t\t\t\t\t\t\t\t\tExplora\u00e7\u00e3o Arqueol\u00f3gica\t\t\t\t\t\t\t\t\t\t\t\t\t\t\t\t\t\t<\/h1>\r\n\t\t\t\t\t\t\t<\/div>\r\n\t\t\t\t\t\t\r\n\t\t\t\t\t\t\r\n\t\t\t\t\t\t<div data-bdt-slideshow-parallax=\"x: 150,0,-30; opacity: 1,1,0\">\r\n\t\t\t\t\t\t\t<div class=\"bdt-btn-wrapper\">\r\n\t\t\t\t\t\t\t\t\r\n\t\t\r\n\t\t\t<a class=\"bdt-slide-btn\" data-reveal=\"reveal-active\" href=\"https:\/\/laguitosperu.com\/pt-br\/nossos-servicos\/\" target=\"_self\">\r\n\r\n\t\t\t\t\t\t\t\t<span class=\"bdt-prime-slider-button-wrapper\">\r\n\r\n\t\t\t\t\t<span class=\"bdt-prime-slider-button-text bdt-flex bdt-flex-middle bdt-flex-inline\">Saiba mais<span class=\"bdt-slide-btn-icon\"><svg width=\"20\" height=\"20\" viewBox=\"0 0 20 20\" xmlns=\"http:\/\/www.w3.org\/2000\/svg\" data-svg=\"arrow-right\">\r\n\t\t\t\t\t\t\t\t<polyline fill=\"none\" stroke=\"#000\" points=\"10 5 15 9.5 10 14\"><\/polyline>\r\n\t\t\t\t\t\t\t\t<line fill=\"none\" stroke=\"#000\" x1=\"4\" y1=\"9.5\" x2=\"15\" y2=\"9.5\"><\/line>\r\n\t\t\t\t\t\t\t<\/svg><\/span><\/span>\r\n\r\n\t\t\t\t<\/span>\r\n\r\n\t\t\t<\/a>\r\n\t\t\t\t\t\t\t\t\t<\/div>\r\n\t\t\t\t\t\t<\/div>\r\n\t\t\t\t\t<\/div>\r\n\r\n\t\t\t\t\t\t\t\t\t\t\t<div data-reveal=\"reveal-active\" class=\"bdt-slider-excerpt\" data-bdt-slideshow-parallax=\"y: 50,0,-10; opacity: 1,1,0\">\r\n\t\t\t\t\t\t\t<p>Nossa equipe aplica t\u00e9cnicas avan\u00e7adas em projetos de pesquisa rigorosos, revelando segredos milenares a cada descoberta.<\/p>\t\t\t\t\t\t<\/div>\r\n\t\t\t\t\t\r\n\t\t\t\t<\/div>\r\n\t\t\t<\/div>\r\n\t\t<\/div>\r\n\t\t\t\t\t<\/li>\r\n\r\n\r\n\t\t\t<li class=\"bdt-slideshow-item bdt-flex bdt-flex-middle bdt-flex-center elementor-repeater-item-19b4da5\">\r\n\t\t\t\t\r\n\t\t\t\t\t\t\t\t\t\t\t\r\n\t\t<div class=\"bdt-ps-slide-img\" style=\"background-image: url('https:\/\/laguitosperu.com\/wp-content\/uploads\/2024\/05\/arqueo-drone-peru.jpg')\"><\/div>\r\n\r\n\t\t\t\t\t\t\r\n\t\t\t\t\t\r\n\t\t\t\t\t\t\t\t\t<div class=\"bdt-overlay-default bdt-position-cover\"><\/div>\r\n\t\t\t\t\r\n\t\t\t\t\t\t<div class=\"bdt-position-z-index bdt-position-large\">\r\n\t\t\t<div class=\"bdt-prime-slider-wrapper\">\r\n\t\t\t\t<div class=\"bdt-prime-slider-content bdt-prime-slider-content\">\r\n\t\t\t\t\t<div class=\"bdt-prime-slider-desc\">\r\n\r\n\t\t\t\t\t\t\r\n\t\t\t\t\t\t\t\t\t\t\t\t\t<div data-reveal=\"reveal-active\" class=\"bdt-main-title\" data-bdt-slideshow-parallax=\"x: 100,0,-20; opacity: 1,1,0\">\r\n\t\t\t\t\t\t\t\t<h1 class=\"bdt-title-tag\">\r\n\t\t\t\t\t\t\t\t\t\t\t\t\t\t\t\t\t\t\tTecnologia A\u00e9rea na Arqueologia\t\t\t\t\t\t\t\t\t\t\t\t\t\t\t\t\t\t<\/h1>\r\n\t\t\t\t\t\t\t<\/div>\r\n\t\t\t\t\t\t\r\n\t\t\t\t\t\t\r\n\t\t\t\t\t\t<div data-bdt-slideshow-parallax=\"x: 150,0,-30; opacity: 1,1,0\">\r\n\t\t\t\t\t\t\t<div class=\"bdt-btn-wrapper\">\r\n\t\t\t\t\t\t\t\t\r\n\t\t\r\n\t\t\t<a class=\"bdt-slide-btn\" data-reveal=\"reveal-active\" href=\"https:\/\/laguitosperu.com\/pt-br\/nossos-servicos\/\" target=\"_self\">\r\n\r\n\t\t\t\t\t\t\t\t<span class=\"bdt-prime-slider-button-wrapper\">\r\n\r\n\t\t\t\t\t<span class=\"bdt-prime-slider-button-text bdt-flex bdt-flex-middle bdt-flex-inline\">Saiba mais<span class=\"bdt-slide-btn-icon\"><svg width=\"20\" height=\"20\" viewBox=\"0 0 20 20\" xmlns=\"http:\/\/www.w3.org\/2000\/svg\" data-svg=\"arrow-right\">\r\n\t\t\t\t\t\t\t\t<polyline fill=\"none\" stroke=\"#000\" points=\"10 5 15 9.5 10 14\"><\/polyline>\r\n\t\t\t\t\t\t\t\t<line fill=\"none\" stroke=\"#000\" x1=\"4\" y1=\"9.5\" x2=\"15\" y2=\"9.5\"><\/line>\r\n\t\t\t\t\t\t\t<\/svg><\/span><\/span>\r\n\r\n\t\t\t\t<\/span>\r\n\r\n\t\t\t<\/a>\r\n\t\t\t\t\t\t\t\t\t<\/div>\r\n\t\t\t\t\t\t<\/div>\r\n\t\t\t\t\t<\/div>\r\n\r\n\t\t\t\t\t\t\t\t\t\t\t<div data-reveal=\"reveal-active\" class=\"bdt-slider-excerpt\" data-bdt-slideshow-parallax=\"y: 50,0,-10; opacity: 1,1,0\">\r\n\t\t\t\t\t\t\t<p>Os drones est\u00e3o revolucionando a arqueologia, permitindo a fotogrametria a\u00e9rea para mapear e preservar com precis\u00e3o o patrim\u00f4nio cultural.<\/p>\t\t\t\t\t\t<\/div>\r\n\t\t\t\t\t\r\n\t\t\t\t<\/div>\r\n\t\t\t<\/div>\r\n\t\t<\/div>\r\n\t\t\t\t\t<\/li>\r\n\r\n\r\n\t\t\t<li class=\"bdt-slideshow-item bdt-flex bdt-flex-middle bdt-flex-center elementor-repeater-item-7e7b2a8\">\r\n\t\t\t\t\r\n\t\t\t\t\t\t\t\t\t\t\t\r\n\t\t<div class=\"bdt-ps-slide-img\" style=\"background-image: url('https:\/\/laguitosperu.com\/wp-content\/uploads\/2024\/05\/arqueologia-peru.jpg')\"><\/div>\r\n\r\n\t\t\t\t\t\t\r\n\t\t\t\t\t\r\n\t\t\t\t\t\t\t\t\t<div class=\"bdt-overlay-default bdt-position-cover\"><\/div>\r\n\t\t\t\t\r\n\t\t\t\t\t\t<div class=\"bdt-position-z-index bdt-position-large\">\r\n\t\t\t<div class=\"bdt-prime-slider-wrapper\">\r\n\t\t\t\t<div class=\"bdt-prime-slider-content bdt-prime-slider-content bdt-prime-slider-content\">\r\n\t\t\t\t\t<div class=\"bdt-prime-slider-desc\">\r\n\r\n\t\t\t\t\t\t\r\n\t\t\t\t\t\t\t\t\t\t\t\t\t<div data-reveal=\"reveal-active\" class=\"bdt-main-title\" data-bdt-slideshow-parallax=\"x: 100,0,-20; opacity: 1,1,0\">\r\n\t\t\t\t\t\t\t\t<h1 class=\"bdt-title-tag\">\r\n\t\t\t\t\t\t\t\t\t\t\t\t\t\t\t\t\t\t\tRestaura\u00e7\u00e3o Patrimonial\t\t\t\t\t\t\t\t\t\t\t\t\t\t\t\t\t\t<\/h1>\r\n\t\t\t\t\t\t\t<\/div>\r\n\t\t\t\t\t\t\r\n\t\t\t\t\t\t\r\n\t\t\t\t\t\t<div data-bdt-slideshow-parallax=\"x: 150,0,-30; opacity: 1,1,0\">\r\n\t\t\t\t\t\t\t<div class=\"bdt-btn-wrapper\">\r\n\t\t\t\t\t\t\t\t\r\n\t\t\r\n\t\t\t<a class=\"bdt-slide-btn\" data-reveal=\"reveal-active\" href=\"https:\/\/laguitosperu.com\/pt-br\/nossos-servicos\/\" target=\"_self\">\r\n\r\n\t\t\t\t\t\t\t\t<span class=\"bdt-prime-slider-button-wrapper\">\r\n\r\n\t\t\t\t\t<span class=\"bdt-prime-slider-button-text bdt-flex bdt-flex-middle bdt-flex-inline\">Saiba mais<span class=\"bdt-slide-btn-icon\"><svg width=\"20\" height=\"20\" viewBox=\"0 0 20 20\" xmlns=\"http:\/\/www.w3.org\/2000\/svg\" data-svg=\"arrow-right\">\r\n\t\t\t\t\t\t\t\t<polyline fill=\"none\" stroke=\"#000\" points=\"10 5 15 9.5 10 14\"><\/polyline>\r\n\t\t\t\t\t\t\t\t<line fill=\"none\" stroke=\"#000\" x1=\"4\" y1=\"9.5\" x2=\"15\" y2=\"9.5\"><\/line>\r\n\t\t\t\t\t\t\t<\/svg><\/span><\/span>\r\n\r\n\t\t\t\t<\/span>\r\n\r\n\t\t\t<\/a>\r\n\t\t\t\t\t\t\t\t\t<\/div>\r\n\t\t\t\t\t\t<\/div>\r\n\t\t\t\t\t<\/div>\r\n\r\n\t\t\t\t\t\t\t\t\t\t\t<div data-reveal=\"reveal-active\" class=\"bdt-slider-excerpt\" data-bdt-slideshow-parallax=\"y: 50,0,-10; opacity: 1,1,0\">\r\n\t\t\t\t\t\t\t<p>Acompanhe-nos no cuidado e revitaliza\u00e7\u00e3o de s\u00edtios arqueol\u00f3gicos, garantindo que o legado e a ess\u00eancia de antigas civiliza\u00e7\u00f5es perdurem.<\/p>\t\t\t\t\t\t<\/div>\r\n\t\t\t\t\t\r\n\t\t\t\t<\/div>\r\n\t\t\t<\/div>\r\n\t\t<\/div>\r\n\t\t\t\t\t<\/li>\r\n\r\n\r\n\t\t\t<li class=\"bdt-slideshow-item bdt-flex bdt-flex-middle bdt-flex-center elementor-repeater-item-70eead7\">\r\n\t\t\t\t\r\n\t\t\t\t\t\t\t\t\t\t\t\r\n\t\t<div class=\"bdt-ps-slide-img\" style=\"background-image: url('https:\/\/laguitosperu.com\/wp-content\/uploads\/2024\/05\/arqueologia-cusco-peru.jpg')\"><\/div>\r\n\r\n\t\t\t\t\t\t\r\n\t\t\t\t\t\r\n\t\t\t\t\t\t\t\t\t<div class=\"bdt-overlay-default bdt-position-cover\"><\/div>\r\n\t\t\t\t\r\n\t\t\t\t\t\t<div class=\"bdt-position-z-index bdt-position-large\">\r\n\t\t\t<div class=\"bdt-prime-slider-wrapper\">\r\n\t\t\t\t<div class=\"bdt-prime-slider-content bdt-prime-slider-content bdt-prime-slider-content bdt-prime-slider-content\">\r\n\t\t\t\t\t<div class=\"bdt-prime-slider-desc\">\r\n\r\n\t\t\t\t\t\t\r\n\t\t\t\t\t\t\t\t\t\t\t\t\t<div data-reveal=\"reveal-active\" class=\"bdt-main-title\" data-bdt-slideshow-parallax=\"x: 100,0,-20; opacity: 1,1,0\">\r\n\t\t\t\t\t\t\t\t<h1 class=\"bdt-title-tag\">\r\n\t\t\t\t\t\t\t\t\t\t\t\t\t\t\t\t\t\t\tInterven\u00e7\u00e3o para a Conserva\u00e7\u00e3o \t\t\t\t\t\t\t\t\t\t\t\t\t\t\t\t\t\t<\/h1>\r\n\t\t\t\t\t\t\t<\/div>\r\n\t\t\t\t\t\t\r\n\t\t\t\t\t\t\r\n\t\t\t\t\t\t<div data-bdt-slideshow-parallax=\"x: 150,0,-30; opacity: 1,1,0\">\r\n\t\t\t\t\t\t\t<div class=\"bdt-btn-wrapper\">\r\n\t\t\t\t\t\t\t\t\r\n\t\t\r\n\t\t\t<a class=\"bdt-slide-btn\" data-reveal=\"reveal-active\" href=\"https:\/\/laguitosperu.com\/pt-br\/nossos-servicos\/\" target=\"_self\">\r\n\r\n\t\t\t\t\t\t\t\t<span class=\"bdt-prime-slider-button-wrapper\">\r\n\r\n\t\t\t\t\t<span class=\"bdt-prime-slider-button-text bdt-flex bdt-flex-middle bdt-flex-inline\">Saiba mais<span class=\"bdt-slide-btn-icon\"><svg width=\"20\" height=\"20\" viewBox=\"0 0 20 20\" xmlns=\"http:\/\/www.w3.org\/2000\/svg\" data-svg=\"arrow-right\">\r\n\t\t\t\t\t\t\t\t<polyline fill=\"none\" stroke=\"#000\" points=\"10 5 15 9.5 10 14\"><\/polyline>\r\n\t\t\t\t\t\t\t\t<line fill=\"none\" stroke=\"#000\" x1=\"4\" y1=\"9.5\" x2=\"15\" y2=\"9.5\"><\/line>\r\n\t\t\t\t\t\t\t<\/svg><\/span><\/span>\r\n\r\n\t\t\t\t<\/span>\r\n\r\n\t\t\t<\/a>\r\n\t\t\t\t\t\t\t\t\t<\/div>\r\n\t\t\t\t\t\t<\/div>\r\n\t\t\t\t\t<\/div>\r\n\r\n\t\t\t\t\t\t\t\t\t\t\t<div data-reveal=\"reveal-active\" class=\"bdt-slider-excerpt\" data-bdt-slideshow-parallax=\"y: 50,0,-10; opacity: 1,1,0\">\r\n\t\t\t\t\t\t\t<p>Nossa equipe interv\u00e9m em \u00e1reas de constru\u00e7\u00e3o para assegurar e resgatar vest\u00edgios arqueol\u00f3gicos, protegendo nosso patrim\u00f4nio cultural antes que seja tarde.<\/p>\t\t\t\t\t\t<\/div>\r\n\t\t\t\t\t\r\n\t\t\t\t<\/div>\r\n\t\t\t<\/div>\r\n\t\t<\/div>\r\n\t\t\t\t\t<\/li>\r\n\r\n\r\n\t\t\t<li class=\"bdt-slideshow-item bdt-flex bdt-flex-middle bdt-flex-center elementor-repeater-item-763296d\">\r\n\t\t\t\t\r\n\t\t\t\t\t\t\t\t\t\t\t\r\n\t\t<div class=\"bdt-ps-slide-img\" style=\"background-image: url('https:\/\/laguitosperu.com\/wp-content\/uploads\/2024\/05\/arqueologia-en-Cusco-Peru.jpg')\"><\/div>\r\n\r\n\t\t\t\t\t\t\r\n\t\t\t\t\t\r\n\t\t\t\t\t\t\t\t\t<div class=\"bdt-overlay-default bdt-position-cover\"><\/div>\r\n\t\t\t\t\r\n\t\t\t\t\t\t<div class=\"bdt-position-z-index bdt-position-large\">\r\n\t\t\t<div class=\"bdt-prime-slider-wrapper\">\r\n\t\t\t\t<div class=\"bdt-prime-slider-content bdt-prime-slider-content bdt-prime-slider-content bdt-prime-slider-content bdt-prime-slider-content\">\r\n\t\t\t\t\t<div class=\"bdt-prime-slider-desc\">\r\n\r\n\t\t\t\t\t\t\r\n\t\t\t\t\t\t\t\t\t\t\t\t\t<div data-reveal=\"reveal-active\" class=\"bdt-main-title\" data-bdt-slideshow-parallax=\"x: 100,0,-20; opacity: 1,1,0\">\r\n\t\t\t\t\t\t\t\t<h1 class=\"bdt-title-tag\">\r\n\t\t\t\t\t\t\t\t\t\t\t\t\t\t\t\t\t\t\tVerifica\u00e7\u00e3o Arqueol\u00f3gica \t\t\t\t\t\t\t\t\t\t\t\t\t\t\t\t\t\t<\/h1>\r\n\t\t\t\t\t\t\t<\/div>\r\n\t\t\t\t\t\t\r\n\t\t\t\t\t\t\r\n\t\t\t\t\t\t<div data-bdt-slideshow-parallax=\"x: 150,0,-30; opacity: 1,1,0\">\r\n\t\t\t\t\t\t\t<div class=\"bdt-btn-wrapper\">\r\n\t\t\t\t\t\t\t\t\r\n\t\t\r\n\t\t\t<a class=\"bdt-slide-btn\" data-reveal=\"reveal-active\" href=\"https:\/\/laguitosperu.com\/pt-br\/nossos-servicos\/\" target=\"_self\">\r\n\r\n\t\t\t\t\t\t\t\t<span class=\"bdt-prime-slider-button-wrapper\">\r\n\r\n\t\t\t\t\t<span class=\"bdt-prime-slider-button-text bdt-flex bdt-flex-middle bdt-flex-inline\">Saiba mais<span class=\"bdt-slide-btn-icon\"><svg width=\"20\" height=\"20\" viewBox=\"0 0 20 20\" xmlns=\"http:\/\/www.w3.org\/2000\/svg\" data-svg=\"arrow-right\">\r\n\t\t\t\t\t\t\t\t<polyline fill=\"none\" stroke=\"#000\" points=\"10 5 15 9.5 10 14\"><\/polyline>\r\n\t\t\t\t\t\t\t\t<line fill=\"none\" stroke=\"#000\" x1=\"4\" y1=\"9.5\" x2=\"15\" y2=\"9.5\"><\/line>\r\n\t\t\t\t\t\t\t<\/svg><\/span><\/span>\r\n\r\n\t\t\t\t<\/span>\r\n\r\n\t\t\t<\/a>\r\n\t\t\t\t\t\t\t\t\t<\/div>\r\n\t\t\t\t\t\t<\/div>\r\n\t\t\t\t\t<\/div>\r\n\r\n\t\t\t\t\t\t\t\t\t\t\t<div data-reveal=\"reveal-active\" class=\"bdt-slider-excerpt\" data-bdt-slideshow-parallax=\"y: 50,0,-10; opacity: 1,1,0\">\r\n\t\t\t\t\t\t\t<p>Nossa escava\u00e7\u00e3o meticulosa busca certificar a inexist\u00eancia de vest\u00edgios arqueol\u00f3gicos, garantindo a preserva\u00e7\u00e3o de nosso patrim\u00f4nio enquanto avan\u00e7amos para o futuro.<\/p>\t\t\t\t\t\t<\/div>\r\n\t\t\t\t\t\r\n\t\t\t\t<\/div>\r\n\t\t\t<\/div>\r\n\t\t<\/div>\r\n\t\t\t\t\t<\/li>\r\n\r\n\r\n\t\t\t\t\t<\/ul>\r\n\t\t\t\t\t\r\n\t\t\t\t\t\t\t\t<div class=\"reveal-muted\">\r\n\t\t\t\t<a class=\"bdt-position-bottom-right bdt-prime-slider-previous\" href=\"#\" bdt-slidenav-previous bdt-slideshow-item=\"previous\"><\/a>\r\n\t\t\t\t<a class=\"bdt-position-bottom-right bdt-prime-slider-next\" href=\"#\" bdt-slidenav-next bdt-slideshow-item=\"next\"><\/a>\r\n\t\t\t<\/div>\r\n\r\n\t\t\r\n\t\t\t\t\t\t\r\n\t\t\r\n\t\t\t\t\t<\/div>\r\n\t\t\t\t\r\n\t\t<div class=\"bdt-prime-slider-social-icon reveal-muted\">\r\n\r\n\t\t\t\r\n\t\t\t\r\n\t\t\t\t<a class=\"bdt-social-animate\" href=\"https:\/\/www.facebook.com\/profile.php?id=100083354019925\" target=\"_blank\" title=\"Facebook\" bdt-tooltip=\"pos: right\" rel=\"noopener\">\r\n\t\t\t\t\t<svg aria-hidden=\"true\" class=\"fa-fw e-font-icon-svg e-fab-facebook-f\" viewBox=\"0 0 320 512\" xmlns=\"http:\/\/www.w3.org\/2000\/svg\"><path d=\"M279.14 288l14.22-92.66h-88.91v-60.13c0-25.35 12.42-50.06 52.24-50.06h40.42V6.26S260.43 0 225.36 0c-73.22 0-121.08 44.38-121.08 124.72v70.62H22.89V288h81.39v224h100.17V288z\"><\/path><\/svg>\t\t\t\t<\/a>\r\n\t\t\t\r\n\t\t\t\t<a class=\"bdt-social-animate\" href=\"https:\/\/www.instagram.com\/laguitos.peru\" target=\"_blank\" title=\"Instagram\" bdt-tooltip=\"pos: right\" rel=\"noopener\">\r\n\t\t\t\t\t<svg aria-hidden=\"true\" class=\"fa-fw e-font-icon-svg e-fab-instagram\" viewBox=\"0 0 448 512\" xmlns=\"http:\/\/www.w3.org\/2000\/svg\"><path d=\"M224.1 141c-63.6 0-114.9 51.3-114.9 114.9s51.3 114.9 114.9 114.9S339 319.5 339 255.9 287.7 141 224.1 141zm0 189.6c-41.1 0-74.7-33.5-74.7-74.7s33.5-74.7 74.7-74.7 74.7 33.5 74.7 74.7-33.6 74.7-74.7 74.7zm146.4-194.3c0 14.9-12 26.8-26.8 26.8-14.9 0-26.8-12-26.8-26.8s12-26.8 26.8-26.8 26.8 12 26.8 26.8zm76.1 27.2c-1.7-35.9-9.9-67.7-36.2-93.9-26.2-26.2-58-34.4-93.9-36.2-37-2.1-147.9-2.1-184.9 0-35.8 1.7-67.6 9.9-93.9 36.1s-34.4 58-36.2 93.9c-2.1 37-2.1 147.9 0 184.9 1.7 35.9 9.9 67.7 36.2 93.9s58 34.4 93.9 36.2c37 2.1 147.9 2.1 184.9 0 35.9-1.7 67.7-9.9 93.9-36.2 26.2-26.2 34.4-58 36.2-93.9 2.1-37 2.1-147.8 0-184.8zM398.8 388c-7.8 19.6-22.9 34.7-42.6 42.6-29.5 11.7-99.5 9-132.1 9s-102.7 2.6-132.1-9c-19.6-7.8-34.7-22.9-42.6-42.6-11.7-29.5-9-99.5-9-132.1s-2.6-102.7 9-132.1c7.8-19.6 22.9-34.7 42.6-42.6 29.5-11.7 99.5-9 132.1-9s102.7-2.6 132.1 9c19.6 7.8 34.7 22.9 42.6 42.6 11.7 29.5 9 99.5 9 132.1s2.7 102.7-9 132.1z\"><\/path><\/svg>\t\t\t\t<\/a>\r\n\t\t\t\r\n\t\t\t\t<a class=\"bdt-social-animate\" href=\"https:\/\/www.linkedin.com\/company\/laguitos-peru\/\" target=\"_blank\" title=\"Linkedin\" bdt-tooltip=\"pos: right\" rel=\"noopener\">\r\n\t\t\t\t\t<svg aria-hidden=\"true\" class=\"fa-fw e-font-icon-svg e-fab-linkedin-in\" viewBox=\"0 0 448 512\" xmlns=\"http:\/\/www.w3.org\/2000\/svg\"><path d=\"M100.28 448H7.4V148.9h92.88zM53.79 108.1C24.09 108.1 0 83.5 0 53.8a53.79 53.79 0 0 1 107.58 0c0 29.7-24.1 54.3-53.79 54.3zM447.9 448h-92.68V302.4c0-34.7-.7-79.2-48.29-79.2-48.29 0-55.69 37.7-55.69 76.7V448h-92.78V148.9h89.08v40.8h1.3c12.4-23.5 42.69-48.3 87.88-48.3 94 0 111.28 61.9 111.28 142.3V448z\"><\/path><\/svg>\t\t\t\t<\/a>\r\n\t\t\t\r\n\t\t\t\t<a class=\"bdt-social-animate\" href=\"https:\/\/web.whatsapp.com\/send?phone=51982707015&#038;fbclid=IwAR22HnFhn09GnJSQ0SRsIEJk8KPTeWuIU_cY7PeWKaZaw0mrkolh8Mx-dt8\" target=\"_blank\" title=\"Whatsapp\" bdt-tooltip=\"pos: right\" rel=\"noopener\">\r\n\t\t\t\t\t<svg aria-hidden=\"true\" class=\"fa-fw e-font-icon-svg e-fab-whatsapp\" viewBox=\"0 0 448 512\" xmlns=\"http:\/\/www.w3.org\/2000\/svg\"><path d=\"M380.9 97.1C339 55.1 283.2 32 223.9 32c-122.4 0-222 99.6-222 222 0 39.1 10.2 77.3 29.6 111L0 480l117.7-30.9c32.4 17.7 68.9 27 106.1 27h.1c122.3 0 224.1-99.6 224.1-222 0-59.3-25.2-115-67.1-157zm-157 341.6c-33.2 0-65.7-8.9-94-25.7l-6.7-4-69.8 18.3L72 359.2l-4.4-7c-18.5-29.4-28.2-63.3-28.2-98.2 0-101.7 82.8-184.5 184.6-184.5 49.3 0 95.6 19.2 130.4 54.1 34.8 34.9 56.2 81.2 56.1 130.5 0 101.8-84.9 184.6-186.6 184.6zm101.2-138.2c-5.5-2.8-32.8-16.2-37.9-18-5.1-1.9-8.8-2.8-12.5 2.8-3.7 5.6-14.3 18-17.6 21.8-3.2 3.7-6.5 4.2-12 1.4-32.6-16.3-54-29.1-75.5-66-5.7-9.8 5.7-9.1 16.3-30.3 1.8-3.7.9-6.9-.5-9.7-1.4-2.8-12.5-30.1-17.1-41.2-4.5-10.8-9.1-9.3-12.5-9.5-3.2-.2-6.9-.2-10.6-.2-3.7 0-9.7 1.4-14.8 6.9-5.1 5.6-19.4 19-19.4 46.3 0 27.3 19.9 53.7 22.6 57.4 2.8 3.7 39.1 59.7 94.8 83.8 35.2 15.2 49 16.5 66.6 13.9 10.7-1.6 32.8-13.4 37.4-26.4 4.6-13 4.6-24.1 3.2-26.4-1.3-2.5-5-3.9-10.5-6.6z\"><\/path><\/svg>\t\t\t\t<\/a>\r\n\t\t\t\t\t<\/div>\r\n\r\n\t\t\t\t\t\t\t\t<\/div>\r\n\t\t<\/div>\r\n\t\t\t<\/div>\n\t\t\t\t<\/div>\n\t\t\t\t<\/div>\n\t\t\t\t<\/div>\n\t\t","protected":false},"excerpt":{"rendered":"<p>Explora\u00e7\u00e3o Arqueol\u00f3gica Saiba mais Nossa equipe aplica t\u00e9cnicas avan\u00e7adas em projetos de pesquisa rigorosos, revelando segredos milenares a cada descoberta. [&hellip;]<\/p>\n","protected":false},"author":1,"featured_media":0,"parent":0,"menu_order":0,"comment_status":"closed","ping_status":"closed","template":"","meta":{"rank_math_lock_modified_date":false,"site-sidebar-layout":"no-sidebar","site-content-layout":"","ast-site-content-layout":"full-width-container","site-content-style":"default","site-sidebar-style":"default","ast-global-header-display":"","ast-banner-title-visibility":"","ast-main-header-display":"","ast-hfb-above-header-display":"","ast-hfb-below-header-display":"","ast-hfb-mobile-header-display":"","site-post-title":"disabled","ast-breadcrumbs-content":"","ast-featured-img":"disabled","footer-sml-layout":"","theme-transparent-header-meta":"","adv-header-id-meta":"","stick-header-meta":"","header-above-stick-meta":"","header-main-stick-meta":"","header-below-stick-meta":"","astra-migrate-meta-layouts":"default","ast-page-background-enabled":"default","ast-page-background-meta":{"desktop":{"background-color":"var(--ast-global-color-4)","background-image":"","background-repeat":"repeat","background-position":"center center","background-size":"auto","background-attachment":"scroll","background-type":"","background-media":"","overlay-type":"","overlay-color":"","overlay-gradient":""},"tablet":{"background-color":"","background-image":"","background-repeat":"repeat","background-position":"center center","background-size":"auto","background-attachment":"scroll","background-type":"","background-media":"","overlay-type":"","overlay-color":"","overlay-gradient":""},"mobile":{"background-color":"","background-image":"","background-repeat":"repeat","background-position":"center center","background-size":"auto","background-attachment":"scroll","background-type":"","background-media":"","overlay-type":"","overlay-color":"","overlay-gradient":""}},"ast-content-background-meta":{"desktop":{"background-color":"var(--ast-global-color-5)","background-image":"","background-repeat":"repeat","background-position":"center center","background-size":"auto","background-attachment":"scroll","background-type":"","background-media":"","overlay-type":"","overlay-color":"","overlay-gradient":""},"tablet":{"background-color":"var(--ast-global-color-5)","background-image":"","background-repeat":"repeat","background-position":"center center","background-size":"auto","background-attachment":"scroll","background-type":"","background-media":"","overlay-type":"","overlay-color":"","overlay-gradient":""},"mobile":{"background-color":"var(--ast-global-color-5)","background-image":"","background-repeat":"repeat","background-position":"center center","background-size":"auto","background-attachment":"scroll","background-type":"","background-media":"","overlay-type":"","overlay-color":"","overlay-gradient":""}},"footnotes":""},"_links":{"self":[{"href":"https:\/\/laguitosperu.com\/pt-br\/wp-json\/wp\/v2\/pages\/2678"}],"collection":[{"href":"https:\/\/laguitosperu.com\/pt-br\/wp-json\/wp\/v2\/pages"}],"about":[{"href":"https:\/\/laguitosperu.com\/pt-br\/wp-json\/wp\/v2\/types\/page"}],"author":[{"embeddable":true,"href":"https:\/\/laguitosperu.com\/pt-br\/wp-json\/wp\/v2\/users\/1"}],"replies":[{"embeddable":true,"href":"https:\/\/laguitosperu.com\/pt-br\/wp-json\/wp\/v2\/comments?post=2678"}],"version-history":[{"count":20,"href":"https:\/\/laguitosperu.com\/pt-br\/wp-json\/wp\/v2\/pages\/2678\/revisions"}],"predecessor-version":[{"id":2985,"href":"https:\/\/laguitosperu.com\/pt-br\/wp-json\/wp\/v2\/pages\/2678\/revisions\/2985"}],"wp:attachment":[{"href":"https:\/\/laguitosperu.com\/pt-br\/wp-json\/wp\/v2\/media?parent=2678"}],"curies":[{"name":"wp","href":"https:\/\/api.w.org\/{rel}","templated":true}]}}