{"id":2937,"date":"2024-06-21T09:07:42","date_gmt":"2024-06-21T09:07:42","guid":{"rendered":"https:\/\/laguitosperu.com\/proyectos\/"},"modified":"2025-05-16T03:37:44","modified_gmt":"2025-05-16T03:37:44","slug":"projetos","status":"publish","type":"page","link":"https:\/\/laguitosperu.com\/pt-br\/projetos\/","title":{"rendered":"Projetos"},"content":{"rendered":"\t\t<div data-elementor-type=\"wp-page\" data-elementor-id=\"2937\" class=\"elementor elementor-2937 elementor-2196\" data-elementor-post-type=\"page\">\n\t\t\t\t<div class=\"elementor-element elementor-element-4ae44af e-flex e-con-boxed e-con e-parent\" data-id=\"4ae44af\" data-element_type=\"container\">\n\t\t\t\t\t<div class=\"e-con-inner\">\n\t\t\t\t<div class=\"elementor-element elementor-element-a03c906 premium-bg-text-yes premium-header-inline elementor-widget elementor-widget-premium-addon-dual-header\" data-id=\"a03c906\" data-element_type=\"widget\" data-widget_type=\"premium-addon-dual-header.default\">\n\t\t\t\t<div class=\"elementor-widget-container\">\n\t\t\t\r\n\t\t\t\t\t<h2 class=\"premium-dual-header-first-header \"><span class=\"premium-dual-header-first-span\">Projetos ao n\u00edvel  <\/span><span class=\"premium-dual-header-second-header \">Nacional<\/span><\/h2> \t\t\r\n\t\t\t\t<\/div>\n\t\t\t\t<\/div>\n\t\t\t\t<div class=\"elementor-element elementor-element-958c004 elementor-widget elementor-widget-heading\" data-id=\"958c004\" data-element_type=\"widget\" data-widget_type=\"heading.default\">\n\t\t\t\t<div class=\"elementor-widget-container\">\n\t\t\t<style>\/*! elementor - v3.22.0 - 17-06-2024 *\/\n.elementor-heading-title{padding:0;margin:0;line-height:1}.elementor-widget-heading .elementor-heading-title[class*=elementor-size-]>a{color:inherit;font-size:inherit;line-height:inherit}.elementor-widget-heading .elementor-heading-title.elementor-size-small{font-size:15px}.elementor-widget-heading .elementor-heading-title.elementor-size-medium{font-size:19px}.elementor-widget-heading .elementor-heading-title.elementor-size-large{font-size:29px}.elementor-widget-heading .elementor-heading-title.elementor-size-xl{font-size:39px}.elementor-widget-heading .elementor-heading-title.elementor-size-xxl{font-size:59px}<\/style><h3 class=\"elementor-heading-title elementor-size-default\">Desenvolvemos projetos de complexidade vari\u00e1vel com nossa equipe de profissionais especializados\n<\/h3>\t\t<\/div>\n\t\t\t\t<\/div>\n\t\t<div class=\"elementor-element elementor-element-39f028e e-grid e-con-full e-con e-child\" data-id=\"39f028e\" data-element_type=\"container\">\n\t\t\t\t<div class=\"elementor-element elementor-element-7e0f952 elementor-position-top elementor-widget elementor-widget-image-box\" data-id=\"7e0f952\" data-element_type=\"widget\" data-widget_type=\"image-box.default\">\n\t\t\t\t<div class=\"elementor-widget-container\">\n\t\t\t<style>\/*! elementor - v3.22.0 - 17-06-2024 *\/\n.elementor-widget-image-box .elementor-image-box-content{width:100%}@media (min-width:768px){.elementor-widget-image-box.elementor-position-left .elementor-image-box-wrapper,.elementor-widget-image-box.elementor-position-right .elementor-image-box-wrapper{display:flex}.elementor-widget-image-box.elementor-position-right .elementor-image-box-wrapper{text-align:end;flex-direction:row-reverse}.elementor-widget-image-box.elementor-position-left .elementor-image-box-wrapper{text-align:start;flex-direction:row}.elementor-widget-image-box.elementor-position-top .elementor-image-box-img{margin:auto}.elementor-widget-image-box.elementor-vertical-align-top .elementor-image-box-wrapper{align-items:flex-start}.elementor-widget-image-box.elementor-vertical-align-middle .elementor-image-box-wrapper{align-items:center}.elementor-widget-image-box.elementor-vertical-align-bottom .elementor-image-box-wrapper{align-items:flex-end}}@media (max-width:767px){.elementor-widget-image-box .elementor-image-box-img{margin-left:auto!important;margin-right:auto!important;margin-bottom:15px}}.elementor-widget-image-box .elementor-image-box-img{display:inline-block}.elementor-widget-image-box .elementor-image-box-title a{color:inherit}.elementor-widget-image-box .elementor-image-box-wrapper{text-align:center}.elementor-widget-image-box .elementor-image-box-description{margin:0}<\/style><div class=\"elementor-image-box-wrapper\"><figure class=\"elementor-image-box-img\"><img fetchpriority=\"high\" decoding=\"async\" width=\"578\" height=\"298\" src=\"https:\/\/laguitosperu.com\/wp-content\/uploads\/2024\/06\/Plan-de-monitoreo-arqueologico-en-costa.png\" class=\"attachment-full size-full wp-image-2202\" alt=\"Plan de monitoreo arqueolo\u0301gico en costa peru\" srcset=\"https:\/\/laguitosperu.com\/wp-content\/uploads\/2024\/06\/Plan-de-monitoreo-arqueologico-en-costa.png 578w, https:\/\/laguitosperu.com\/wp-content\/uploads\/2024\/06\/Plan-de-monitoreo-arqueologico-en-costa-300x155.png 300w\" sizes=\"(max-width: 578px) 100vw, 578px\" \/><\/figure><div class=\"elementor-image-box-content\"><h3 class=\"elementor-image-box-title\">Plano de monitoriza\u00e7\u00e3o arqueol\u00f3gica na costa<\/h3><\/div><\/div>\t\t<\/div>\n\t\t\t\t<\/div>\n\t\t\t\t<div class=\"elementor-element elementor-element-0f4c80a elementor-position-top elementor-widget elementor-widget-image-box\" data-id=\"0f4c80a\" data-element_type=\"widget\" data-widget_type=\"image-box.default\">\n\t\t\t\t<div class=\"elementor-widget-container\">\n\t\t\t<div class=\"elementor-image-box-wrapper\"><figure class=\"elementor-image-box-img\"><img decoding=\"async\" width=\"582\" height=\"300\" src=\"https:\/\/laguitosperu.com\/wp-content\/uploads\/2024\/06\/Plan-de-monitoreo-Arqueologico-en-sierra.png\" class=\"attachment-full size-full wp-image-2203\" alt=\"Plan de monitoreo Arqueolo\u0301gico en sierra peru\" srcset=\"https:\/\/laguitosperu.com\/wp-content\/uploads\/2024\/06\/Plan-de-monitoreo-Arqueologico-en-sierra.png 582w, https:\/\/laguitosperu.com\/wp-content\/uploads\/2024\/06\/Plan-de-monitoreo-Arqueologico-en-sierra-300x155.png 300w\" sizes=\"(max-width: 582px) 100vw, 582px\" \/><\/figure><div class=\"elementor-image-box-content\"><h3 class=\"elementor-image-box-title\">Plano de monitoramento arqueol\u00f3gico nas montanhas<\/h3><\/div><\/div>\t\t<\/div>\n\t\t\t\t<\/div>\n\t\t\t\t<div class=\"elementor-element elementor-element-c324267 elementor-position-top elementor-widget elementor-widget-image-box\" data-id=\"c324267\" data-element_type=\"widget\" data-widget_type=\"image-box.default\">\n\t\t\t\t<div class=\"elementor-widget-container\">\n\t\t\t<div class=\"elementor-image-box-wrapper\"><figure class=\"elementor-image-box-img\"><img decoding=\"async\" width=\"580\" height=\"298\" src=\"https:\/\/laguitosperu.com\/wp-content\/uploads\/2024\/06\/Plan-de-monitoreo-Arqueologico-en-ceja-de-selva.png\" class=\"attachment-full size-full wp-image-2204\" alt=\"Plan de monitoreo Arqueolo\u0301gico en ceja de selva peru\" srcset=\"https:\/\/laguitosperu.com\/wp-content\/uploads\/2024\/06\/Plan-de-monitoreo-Arqueologico-en-ceja-de-selva.png 580w, https:\/\/laguitosperu.com\/wp-content\/uploads\/2024\/06\/Plan-de-monitoreo-Arqueologico-en-ceja-de-selva-300x154.png 300w\" sizes=\"(max-width: 580px) 100vw, 580px\" \/><\/figure><div class=\"elementor-image-box-content\"><h3 class=\"elementor-image-box-title\">Plano de monitoramento arqueol\u00f3gico na sobrancelha da selva<\/h3><\/div><\/div>\t\t<\/div>\n\t\t\t\t<\/div>\n\t\t\t\t<div class=\"elementor-element elementor-element-7d64c05 elementor-position-top elementor-widget elementor-widget-image-box\" data-id=\"7d64c05\" data-element_type=\"widget\" data-widget_type=\"image-box.default\">\n\t\t\t\t<div class=\"elementor-widget-container\">\n\t\t\t<div class=\"elementor-image-box-wrapper\"><figure class=\"elementor-image-box-img\"><img loading=\"lazy\" decoding=\"async\" width=\"580\" height=\"300\" src=\"https:\/\/laguitosperu.com\/wp-content\/uploads\/2024\/06\/Vaso-Wari-Bienes-culturales.png\" class=\"attachment-full size-full wp-image-2205\" alt=\"Vaso Wari Bienes culturales peru\" srcset=\"https:\/\/laguitosperu.com\/wp-content\/uploads\/2024\/06\/Vaso-Wari-Bienes-culturales.png 580w, https:\/\/laguitosperu.com\/wp-content\/uploads\/2024\/06\/Vaso-Wari-Bienes-culturales-300x155.png 300w\" sizes=\"(max-width: 580px) 100vw, 580px\" \/><\/figure><div class=\"elementor-image-box-content\"><h3 class=\"elementor-image-box-title\">Wari Glass - Bienais Culturais Provenciais de uma PEA - Horizonte M\u00e9dio<\/h3><\/div><\/div>\t\t<\/div>\n\t\t\t\t<\/div>\n\t\t\t\t<div class=\"elementor-element elementor-element-ff8825d elementor-position-top elementor-widget elementor-widget-image-box\" data-id=\"ff8825d\" data-element_type=\"widget\" data-widget_type=\"image-box.default\">\n\t\t\t\t<div class=\"elementor-widget-container\">\n\t\t\t<div class=\"elementor-image-box-wrapper\"><figure class=\"elementor-image-box-img\"><img loading=\"lazy\" decoding=\"async\" width=\"584\" height=\"300\" src=\"https:\/\/laguitosperu.com\/wp-content\/uploads\/2024\/06\/Tupo-Wari-.png\" class=\"attachment-full size-full wp-image-2206\" alt=\"Tupo Wari peru\" srcset=\"https:\/\/laguitosperu.com\/wp-content\/uploads\/2024\/06\/Tupo-Wari-.png 584w, https:\/\/laguitosperu.com\/wp-content\/uploads\/2024\/06\/Tupo-Wari--300x154.png 300w\" sizes=\"(max-width: 584px) 100vw, 584px\" \/><\/figure><div class=\"elementor-image-box-content\"><h3 class=\"elementor-image-box-title\">Tupo Wari - Bienes Culturais Proven\u00e7ais de uma PEA - Horizonte M\u00e9dio<\/h3><\/div><\/div>\t\t<\/div>\n\t\t\t\t<\/div>\n\t\t\t\t<div class=\"elementor-element elementor-element-3788299 elementor-position-top elementor-widget elementor-widget-image-box\" data-id=\"3788299\" data-element_type=\"widget\" data-widget_type=\"image-box.default\">\n\t\t\t\t<div class=\"elementor-widget-container\">\n\t\t\t<div class=\"elementor-image-box-wrapper\"><figure class=\"elementor-image-box-img\"><img loading=\"lazy\" decoding=\"async\" width=\"580\" height=\"300\" src=\"https:\/\/laguitosperu.com\/wp-content\/uploads\/2024\/06\/Registro-arqueologico.png\" class=\"attachment-full size-full wp-image-2207\" alt=\"Registro arqueolo\u0301gico peru\" srcset=\"https:\/\/laguitosperu.com\/wp-content\/uploads\/2024\/06\/Registro-arqueologico.png 580w, https:\/\/laguitosperu.com\/wp-content\/uploads\/2024\/06\/Registro-arqueologico-300x155.png 300w\" sizes=\"(max-width: 580px) 100vw, 580px\" \/><\/figure><div class=\"elementor-image-box-content\"><h3 class=\"elementor-image-box-title\">Registro arqueol\u00f3gico em cotaruse - Challhuanca - Apurimac<\/h3><\/div><\/div>\t\t<\/div>\n\t\t\t\t<\/div>\n\t\t\t\t<div class=\"elementor-element elementor-element-92a89d8 elementor-position-top elementor-widget elementor-widget-image-box\" data-id=\"92a89d8\" data-element_type=\"widget\" data-widget_type=\"image-box.default\">\n\t\t\t\t<div class=\"elementor-widget-container\">\n\t\t\t<div class=\"elementor-image-box-wrapper\"><figure class=\"elementor-image-box-img\"><img loading=\"lazy\" decoding=\"async\" width=\"582\" height=\"300\" src=\"https:\/\/laguitosperu.com\/wp-content\/uploads\/2024\/06\/Herramienta-Litica.png\" class=\"attachment-full size-full wp-image-2208\" alt=\"Herramienta Li\u0301tica peru\" srcset=\"https:\/\/laguitosperu.com\/wp-content\/uploads\/2024\/06\/Herramienta-Litica.png 582w, https:\/\/laguitosperu.com\/wp-content\/uploads\/2024\/06\/Herramienta-Litica-300x155.png 300w\" sizes=\"(max-width: 582px) 100vw, 582px\" \/><\/figure><div class=\"elementor-image-box-content\"><h3 class=\"elementor-image-box-title\">Ferramenta L\u00edtica do Per\u00edodo Pr\u00e9-Cer\u00e2mico. Oyolo-Pa\u00facar del Sara Sara-Ayacucho<\/h3><\/div><\/div>\t\t<\/div>\n\t\t\t\t<\/div>\n\t\t\t\t<div class=\"elementor-element elementor-element-b525dc3 elementor-position-top elementor-widget elementor-widget-image-box\" data-id=\"b525dc3\" data-element_type=\"widget\" data-widget_type=\"image-box.default\">\n\t\t\t\t<div class=\"elementor-widget-container\">\n\t\t\t<div class=\"elementor-image-box-wrapper\"><figure class=\"elementor-image-box-img\"><img loading=\"lazy\" decoding=\"async\" width=\"582\" height=\"302\" src=\"https:\/\/laguitosperu.com\/wp-content\/uploads\/2024\/06\/Trabajos-de-Excavacion-Arqueologica.png\" class=\"attachment-full size-full wp-image-2210\" alt=\"Trabajos de Excavacio\u0301n Arqueolo\u0301gica\" srcset=\"https:\/\/laguitosperu.com\/wp-content\/uploads\/2024\/06\/Trabajos-de-Excavacion-Arqueologica.png 582w, https:\/\/laguitosperu.com\/wp-content\/uploads\/2024\/06\/Trabajos-de-Excavacion-Arqueologica-300x156.png 300w\" sizes=\"(max-width: 582px) 100vw, 582px\" \/><\/figure><div class=\"elementor-image-box-content\"><h3 class=\"elementor-image-box-title\">Obras de Escava\u00e7\u00e3o Arqueol\u00f3gica<\/h3><\/div><\/div>\t\t<\/div>\n\t\t\t\t<\/div>\n\t\t\t\t<div class=\"elementor-element elementor-element-8705210 elementor-position-top elementor-widget elementor-widget-image-box\" data-id=\"8705210\" data-element_type=\"widget\" data-widget_type=\"image-box.default\">\n\t\t\t\t<div class=\"elementor-widget-container\">\n\t\t\t<div class=\"elementor-image-box-wrapper\"><figure class=\"elementor-image-box-img\"><img loading=\"lazy\" decoding=\"async\" width=\"578\" height=\"298\" src=\"https:\/\/laguitosperu.com\/wp-content\/uploads\/2024\/06\/Horno-de-Cal.png\" class=\"attachment-full size-full wp-image-2209\" alt=\"Horno de Cal peru\" srcset=\"https:\/\/laguitosperu.com\/wp-content\/uploads\/2024\/06\/Horno-de-Cal.png 578w, https:\/\/laguitosperu.com\/wp-content\/uploads\/2024\/06\/Horno-de-Cal-300x155.png 300w\" sizes=\"(max-width: 578px) 100vw, 578px\" \/><\/figure><div class=\"elementor-image-box-content\"><h3 class=\"elementor-image-box-title\">Cal Oven - Era republicana, antes da transforma\u00e7\u00e3o vertical - Distrito Municipal de San Sebasti\u00e1n - Cusco<\/h3><\/div><\/div>\t\t<\/div>\n\t\t\t\t<\/div>\n\t\t\t\t<div class=\"elementor-element elementor-element-c81ac4c elementor-position-top elementor-widget elementor-widget-image-box\" data-id=\"c81ac4c\" data-element_type=\"widget\" data-widget_type=\"image-box.default\">\n\t\t\t\t<div class=\"elementor-widget-container\">\n\t\t\t<div class=\"elementor-image-box-wrapper\"><figure class=\"elementor-image-box-img\"><img loading=\"lazy\" decoding=\"async\" width=\"582\" height=\"300\" src=\"https:\/\/laguitosperu.com\/wp-content\/uploads\/2024\/06\/Sitio-Arqueologico-de-Putusu-Oyolo.png\" class=\"attachment-full size-full wp-image-2211\" alt=\"Sitio Arqueolo\u0301gico de Putusu Oyolo\" srcset=\"https:\/\/laguitosperu.com\/wp-content\/uploads\/2024\/06\/Sitio-Arqueologico-de-Putusu-Oyolo.png 582w, https:\/\/laguitosperu.com\/wp-content\/uploads\/2024\/06\/Sitio-Arqueologico-de-Putusu-Oyolo-300x155.png 300w\" sizes=\"(max-width: 582px) 100vw, 582px\" \/><\/figure><div class=\"elementor-image-box-content\"><h3 class=\"elementor-image-box-title\">Putusu Oyolo-P\u00e1ucar del Sara Sara S\u00edtio Arqueol\u00f3gico - Ayacucho - Antes da Restaura\u00e7\u00e3o e conserva\u00e7\u00e3o<\/h3><\/div><\/div>\t\t<\/div>\n\t\t\t\t<\/div>\n\t\t\t\t<div class=\"elementor-element elementor-element-e967f81 elementor-position-top elementor-widget elementor-widget-image-box\" data-id=\"e967f81\" data-element_type=\"widget\" data-widget_type=\"image-box.default\">\n\t\t\t\t<div class=\"elementor-widget-container\">\n\t\t\t<div class=\"elementor-image-box-wrapper\"><figure class=\"elementor-image-box-img\"><img loading=\"lazy\" decoding=\"async\" width=\"582\" height=\"298\" src=\"https:\/\/laguitosperu.com\/wp-content\/uploads\/2024\/06\/Asociacion-hermanos-Ayar.png\" class=\"attachment-full size-full wp-image-2212\" alt=\"Asociacio\u0301n hermanos Ayar\" srcset=\"https:\/\/laguitosperu.com\/wp-content\/uploads\/2024\/06\/Asociacion-hermanos-Ayar.png 582w, https:\/\/laguitosperu.com\/wp-content\/uploads\/2024\/06\/Asociacion-hermanos-Ayar-300x154.png 300w\" sizes=\"(max-width: 582px) 100vw, 582px\" \/><\/figure><div class=\"elementor-image-box-content\"><h3 class=\"elementor-image-box-title\">S\u00edtio arqueol\u00f3gico da Associa\u00e7\u00e3o dos Irm\u00e3os Ayar - Distrito de Santiago - Cusco (Processo de restaura\u00e7\u00e3o)<\/h3><\/div><\/div>\t\t<\/div>\n\t\t\t\t<\/div>\n\t\t\t\t<div class=\"elementor-element elementor-element-6768ea3 elementor-position-top elementor-widget elementor-widget-image-box\" data-id=\"6768ea3\" data-element_type=\"widget\" data-widget_type=\"image-box.default\">\n\t\t\t\t<div class=\"elementor-widget-container\">\n\t\t\t<div class=\"elementor-image-box-wrapper\"><figure class=\"elementor-image-box-img\"><img loading=\"lazy\" decoding=\"async\" width=\"582\" height=\"300\" src=\"https:\/\/laguitosperu.com\/wp-content\/uploads\/2024\/06\/Asociacion-hermanos-Ayar-.png\" class=\"attachment-full size-full wp-image-2213\" alt=\"Asociacio\u0301n hermanos Ayar\" srcset=\"https:\/\/laguitosperu.com\/wp-content\/uploads\/2024\/06\/Asociacion-hermanos-Ayar-.png 582w, https:\/\/laguitosperu.com\/wp-content\/uploads\/2024\/06\/Asociacion-hermanos-Ayar--300x155.png 300w\" sizes=\"(max-width: 582px) 100vw, 582px\" \/><\/figure><div class=\"elementor-image-box-content\"><h3 class=\"elementor-image-box-title\">S\u00edtio arqueol\u00f3gico da Associa\u00e7\u00e3o dos Irm\u00e3os Ayar - Distrito de Santiago - Cusco (Ap\u00f3s a restaura\u00e7\u00e3o)<\/h3><\/div><\/div>\t\t<\/div>\n\t\t\t\t<\/div>\n\t\t\t\t<\/div>\n\t\t\t\t\t<\/div>\n\t\t\t\t<\/div>\n\t\t\t\t<\/div>\n\t\t","protected":false},"excerpt":{"rendered":"<p>Projetos ao n\u00edvel Nacional Desenvolvemos projetos de complexidade vari\u00e1vel com nossa equipe de profissionais especializados Plano de monitoriza\u00e7\u00e3o arqueol\u00f3gica na [&hellip;]<\/p>\n","protected":false},"author":1,"featured_media":2939,"parent":0,"menu_order":0,"comment_status":"closed","ping_status":"closed","template":"","meta":{"rank_math_lock_modified_date":false,"site-sidebar-layout":"no-sidebar","site-content-layout":"","ast-site-content-layout":"full-width-container","site-content-style":"default","site-sidebar-style":"default","ast-global-header-display":"","ast-banner-title-visibility":"","ast-main-header-display":"","ast-hfb-above-header-display":"","ast-hfb-below-header-display":"","ast-hfb-mobile-header-display":"","site-post-title":"disabled","ast-breadcrumbs-content":"","ast-featured-img":"disabled","footer-sml-layout":"","theme-transparent-header-meta":"","adv-header-id-meta":"","stick-header-meta":"","header-above-stick-meta":"","header-main-stick-meta":"","header-below-stick-meta":"","astra-migrate-meta-layouts":"default","ast-page-background-enabled":"default","ast-page-background-meta":{"desktop":{"background-color":"var(--ast-global-color-4)","background-image":"","background-repeat":"repeat","background-position":"center center","background-size":"auto","background-attachment":"scroll","background-type":"","background-media":"","overlay-type":"","overlay-color":"","overlay-gradient":""},"tablet":{"background-color":"","background-image":"","background-repeat":"repeat","background-position":"center center","background-size":"auto","background-attachment":"scroll","background-type":"","background-media":"","overlay-type":"","overlay-color":"","overlay-gradient":""},"mobile":{"background-color":"","background-image":"","background-repeat":"repeat","background-position":"center center","background-size":"auto","background-attachment":"scroll","background-type":"","background-media":"","overlay-type":"","overlay-color":"","overlay-gradient":""}},"ast-content-background-meta":{"desktop":{"background-color":"var(--ast-global-color-5)","background-image":"","background-repeat":"repeat","background-position":"center center","background-size":"auto","background-attachment":"scroll","background-type":"","background-media":"","overlay-type":"","overlay-color":"","overlay-gradient":""},"tablet":{"background-color":"var(--ast-global-color-5)","background-image":"","background-repeat":"repeat","background-position":"center center","background-size":"auto","background-attachment":"scroll","background-type":"","background-media":"","overlay-type":"","overlay-color":"","overlay-gradient":""},"mobile":{"background-color":"var(--ast-global-color-5)","background-image":"","background-repeat":"repeat","background-position":"center center","background-size":"auto","background-attachment":"scroll","background-type":"","background-media":"","overlay-type":"","overlay-color":"","overlay-gradient":""}},"footnotes":""},"_links":{"self":[{"href":"https:\/\/laguitosperu.com\/pt-br\/wp-json\/wp\/v2\/pages\/2937"}],"collection":[{"href":"https:\/\/laguitosperu.com\/pt-br\/wp-json\/wp\/v2\/pages"}],"about":[{"href":"https:\/\/laguitosperu.com\/pt-br\/wp-json\/wp\/v2\/types\/page"}],"author":[{"embeddable":true,"href":"https:\/\/laguitosperu.com\/pt-br\/wp-json\/wp\/v2\/users\/1"}],"replies":[{"embeddable":true,"href":"https:\/\/laguitosperu.com\/pt-br\/wp-json\/wp\/v2\/comments?post=2937"}],"version-history":[{"count":4,"href":"https:\/\/laguitosperu.com\/pt-br\/wp-json\/wp\/v2\/pages\/2937\/revisions"}],"predecessor-version":[{"id":2954,"href":"https:\/\/laguitosperu.com\/pt-br\/wp-json\/wp\/v2\/pages\/2937\/revisions\/2954"}],"wp:featuredmedia":[{"embeddable":true,"href":"https:\/\/laguitosperu.com\/pt-br\/wp-json\/wp\/v2\/media\/2939"}],"wp:attachment":[{"href":"https:\/\/laguitosperu.com\/pt-br\/wp-json\/wp\/v2\/media?parent=2937"}],"curies":[{"name":"wp","href":"https:\/\/api.w.org\/{rel}","templated":true}]}}