{"id":2955,"date":"2024-04-24T14:34:55","date_gmt":"2024-04-24T14:34:55","guid":{"rendered":"https:\/\/laguitosperu.com\/politicas-de-privacidad\/"},"modified":"2025-05-16T03:39:06","modified_gmt":"2025-05-16T03:39:06","slug":"politicas-de-privacidade","status":"publish","type":"page","link":"https:\/\/laguitosperu.com\/pt-br\/politicas-de-privacidade\/","title":{"rendered":"Pol\u00edticas de Privacidade"},"content":{"rendered":"\t\t<div data-elementor-type=\"wp-page\" data-elementor-id=\"2955\" class=\"elementor elementor-2955 elementor-3\" data-elementor-post-type=\"page\">\n\t\t\t\t<div class=\"elementor-element elementor-element-6a3428b3 e-flex e-con-boxed e-con e-parent\" data-id=\"6a3428b3\" data-element_type=\"container\">\n\t\t\t\t\t<div class=\"e-con-inner\">\n\t\t\t\t<div class=\"elementor-element elementor-element-45bb8f82 elementor-widget elementor-widget-text-editor\" data-id=\"45bb8f82\" data-element_type=\"widget\" data-widget_type=\"text-editor.default\">\n\t\t\t\t<div class=\"elementor-widget-container\">\n\t\t\t<style>\/*! elementor - v3.22.0 - 17-06-2024 *\/\n.elementor-widget-text-editor.elementor-drop-cap-view-stacked .elementor-drop-cap{background-color:#69727d;color:#fff}.elementor-widget-text-editor.elementor-drop-cap-view-framed .elementor-drop-cap{color:#69727d;border:3px solid;background-color:transparent}.elementor-widget-text-editor:not(.elementor-drop-cap-view-default) .elementor-drop-cap{margin-top:8px}.elementor-widget-text-editor:not(.elementor-drop-cap-view-default) .elementor-drop-cap-letter{width:1em;height:1em}.elementor-widget-text-editor .elementor-drop-cap{float:left;text-align:center;line-height:1;font-size:50px}.elementor-widget-text-editor .elementor-drop-cap-letter{display:inline-block}<\/style>\t\t\t\t<p><span>Na Laguitos Peru, estamos comprometidos em proteger e respeitar sua privacidade. Esta pol\u00edtica de privacidade explica como coletamos, usamos, compartilhamos e protegemos as informa\u00e7\u00f5es pessoais que obtemos atrav\u00e9s do nosso site (<\/span><a href=\"https:\/\/laguitosperu.com\/\"><span>https:\/\/laguitosperu.com\/<\/span><\/a><span>i) e outros canais de comunica\u00e7\u00e3o.<\/span><\/p>\n<p><strong><span>um. Informa\u00e7\u00f5es que coletamos<\/span><\/strong><\/p>\n<p><span>Podemos coletar e processar os seguintes dados pessoais sobre voc\u00ea:<\/span><\/p>\n<ul>\n<li><span>Informa\u00e7\u00f5es que voc\u00ea fornece voluntariamente preenchendo formul\u00e1rios em nosso site, assinando nossos boletins informativos ou entrando em contato conosco por e-mail ou telefone.<\/span><\/li>\n<li><span>Detalhes das suas visitas ao nosso site, incluindo as p\u00e1ginas que visita e os recursos que acede.<\/span><\/li>\n<li><span>Informa\u00e7\u00f5es t\u00e9cnicas, incluindo endere\u00e7o IP, dados de login, tipo e vers\u00e3o do navegador, configura\u00e7\u00f5es de fuso hor\u00e1rio, tipos e vers\u00f5es de plug-in do navegador, sistema operacional e plataforma.<\/span><\/li>\n<\/ul>\n<p><strong><span>2. Uso de Informa\u00e7\u00f5es<\/span><\/strong><\/p>\n<p><span>Usamos as informa\u00e7\u00f5es coletadas para:<\/span><\/p>\n<ul>\n<li><span>Fornecer e melhorar nossos servi\u00e7os.<\/span><\/li>\n<li><span>Personalize sua experi\u00eancia em nosso site.<\/span><\/li>\n<li><span>Responda \u00e0s suas consultas e solicita\u00e7\u00f5es.<\/span><\/li>\n<li><span>Enviar comunica\u00e7\u00f5es relacionadas aos nossos servi\u00e7os e promo\u00e7\u00f5es, se voc\u00ea consentiu em receb\u00ea-los.<\/span><\/li>\n<li><span>Cumprir com as nossas obriga\u00e7\u00f5es legais e regulamentares.<\/span><\/li>\n<\/ul>\n<p><strong><span>3. Compartilhamento de informa\u00e7\u00f5es<\/span><\/strong><\/p>\n<p><span>N\u00e3o vendemos, trocamos ou transferimos suas informa\u00e7\u00f5es pessoais para terceiros sem o seu consentimento, exceto nas seguintes circunst\u00e2ncias:<\/span><\/p>\n<ul>\n<li><span>Cumprir a lei, regulamentos ou processos legais aplic\u00e1veis.<\/span><\/li>\n<li><span>Para proteger os direitos, propriedade ou seguran\u00e7a de Laguitos Peru, nossos usu\u00e1rios ou outros.<\/span><\/li>\n<li><span>Aos nossos prestadores de servi\u00e7os e parceiros que nos ajudam a operar nosso site e neg\u00f3cios, desde que tais terceiros concordem em manter essas informa\u00e7\u00f5es confidenciais.<\/span><\/li>\n<\/ul>\n<p><strong><span>4. Seguran\u00e7a da Informa\u00e7\u00e3o<\/span><\/strong><\/p>\n<p><span>Implementamos medidas de seguran\u00e7a adequadas para proteger seus dados pessoais contra acesso n\u00e3o autorizado, altera\u00e7\u00e3o, divulga\u00e7\u00e3o ou destrui\u00e7\u00e3o. No entanto, observe que nenhuma transmiss\u00e3o de dados pela Internet pode ser garantida como completamente segura.<\/span><\/p>\n<p><strong><span>5. Seus direitos<\/span><\/strong><\/p>\n<p><span>Voc\u00ea tem o direito de:<\/span><\/p>\n<ul>\n<li><span>Acesse seus dados pessoais que temos.<\/span><\/li>\n<li><span>Solicitar a corre\u00e7\u00e3o de quaisquer dados incorretos ou incompletos.<\/span><\/li>\n<li><span>Solicitar a elimina\u00e7\u00e3o dos seus dados pessoais.<\/span><\/li>\n<li><span>Opor-se ao tratamento dos seus dados pessoais.<\/span><\/li>\n<li><span>Solicitar a limita\u00e7\u00e3o do tratamento dos seus dados pessoais.<\/span><\/li>\n<li><span>Solicitar a portabilidade dos seus dados pessoais.<\/span><\/li>\n<\/ul>\n<p><span>Para exercer esses direitos, entre em contato conosco por e-mail\u00a0<\/span><a><span>info@laguitosperu.com<\/span><\/a><span>.<\/span><\/p>\n<p><strong><span>6. Altera\u00e7\u00f5es na nossa Pol\u00edtica de Privacidade<\/span><\/strong><\/p>\n<p><span>Podemos atualizar esta pol\u00edtica de privacidade periodicamente. Quaisquer altera\u00e7\u00f5es ser\u00e3o publicadas nesta p\u00e1gina e, se aplic\u00e1vel, iremos notific\u00e1-lo por e-mail.<\/span><\/p>\n<p><strong><span>7. Contate-nos<\/span><\/strong><\/p>\n<p><span>Se voc\u00ea tiver alguma d\u00favida ou preocupa\u00e7\u00e3o sobre nossa pol\u00edtica de privacidade ou o tratamento de suas informa\u00e7\u00f5es pessoais, entre em contato conosco por e-mail\u00a0<\/span><a><span>info@laguitosperu.com<\/span><\/a><span>.<\/span><\/p>\t\t\t\t\t\t<\/div>\n\t\t\t\t<\/div>\n\t\t\t\t\t<\/div>\n\t\t\t\t<\/div>\n\t\t\t\t<\/div>\n\t\t","protected":false},"excerpt":{"rendered":"<p>Na Laguitos Peru, estamos comprometidos em proteger e respeitar sua privacidade. Esta pol\u00edtica de privacidade explica como coletamos, usamos, compartilhamos [&hellip;]<\/p>\n","protected":false},"author":1,"featured_media":2719,"parent":0,"menu_order":0,"comment_status":"closed","ping_status":"open","template":"","meta":{"rank_math_lock_modified_date":false,"site-sidebar-layout":"default","site-content-layout":"","ast-site-content-layout":"","site-content-style":"default","site-sidebar-style":"default","ast-global-header-display":"","ast-banner-title-visibility":"","ast-main-header-display":"","ast-hfb-above-header-display":"","ast-hfb-below-header-display":"","ast-hfb-mobile-header-display":"","site-post-title":"","ast-breadcrumbs-content":"","ast-featured-img":"","footer-sml-layout":"","theme-transparent-header-meta":"","adv-header-id-meta":"","stick-header-meta":"","header-above-stick-meta":"","header-main-stick-meta":"","header-below-stick-meta":"","astra-migrate-meta-layouts":"default","ast-page-background-enabled":"default","ast-page-background-meta":{"desktop":{"background-color":"var(--ast-global-color-4)","background-image":"","background-repeat":"repeat","background-position":"center center","background-size":"auto","background-attachment":"scroll","background-type":"","background-media":"","overlay-type":"","overlay-color":"","overlay-gradient":""},"tablet":{"background-color":"","background-image":"","background-repeat":"repeat","background-position":"center center","background-size":"auto","background-attachment":"scroll","background-type":"","background-media":"","overlay-type":"","overlay-color":"","overlay-gradient":""},"mobile":{"background-color":"","background-image":"","background-repeat":"repeat","background-position":"center center","background-size":"auto","background-attachment":"scroll","background-type":"","background-media":"","overlay-type":"","overlay-color":"","overlay-gradient":""}},"ast-content-background-meta":{"desktop":{"background-color":"var(--ast-global-color-5)","background-image":"","background-repeat":"repeat","background-position":"center center","background-size":"auto","background-attachment":"scroll","background-type":"","background-media":"","overlay-type":"","overlay-color":"","overlay-gradient":""},"tablet":{"background-color":"var(--ast-global-color-5)","background-image":"","background-repeat":"repeat","background-position":"center center","background-size":"auto","background-attachment":"scroll","background-type":"","background-media":"","overlay-type":"","overlay-color":"","overlay-gradient":""},"mobile":{"background-color":"var(--ast-global-color-5)","background-image":"","background-repeat":"repeat","background-position":"center center","background-size":"auto","background-attachment":"scroll","background-type":"","background-media":"","overlay-type":"","overlay-color":"","overlay-gradient":""}},"footnotes":""},"_links":{"self":[{"href":"https:\/\/laguitosperu.com\/pt-br\/wp-json\/wp\/v2\/pages\/2955"}],"collection":[{"href":"https:\/\/laguitosperu.com\/pt-br\/wp-json\/wp\/v2\/pages"}],"about":[{"href":"https:\/\/laguitosperu.com\/pt-br\/wp-json\/wp\/v2\/types\/page"}],"author":[{"embeddable":true,"href":"https:\/\/laguitosperu.com\/pt-br\/wp-json\/wp\/v2\/users\/1"}],"replies":[{"embeddable":true,"href":"https:\/\/laguitosperu.com\/pt-br\/wp-json\/wp\/v2\/comments?post=2955"}],"version-history":[{"count":4,"href":"https:\/\/laguitosperu.com\/pt-br\/wp-json\/wp\/v2\/pages\/2955\/revisions"}],"predecessor-version":[{"id":2959,"href":"https:\/\/laguitosperu.com\/pt-br\/wp-json\/wp\/v2\/pages\/2955\/revisions\/2959"}],"wp:featuredmedia":[{"embeddable":true,"href":"https:\/\/laguitosperu.com\/pt-br\/wp-json\/wp\/v2\/media\/2719"}],"wp:attachment":[{"href":"https:\/\/laguitosperu.com\/pt-br\/wp-json\/wp\/v2\/media?parent=2955"}],"curies":[{"name":"wp","href":"https:\/\/api.w.org\/{rel}","templated":true}]}}